{"id":31,"date":"2024-10-27T05:08:45","date_gmt":"2024-10-27T05:08:45","guid":{"rendered":"https:\/\/leselevesdethemis.org\/wordpress\/home\/"},"modified":"2026-01-15T14:54:03","modified_gmt":"2026-01-15T13:54:03","slug":"home","status":"publish","type":"page","link":"https:\/\/leselevesdethemis.org\/wordpress\/","title":{"rendered":"Home"},"content":{"rendered":"\n<div class=\"wp-block-uagb-container uagb-block-fa303262 alignfull uagb-is-root-container\"><div class=\"uagb-container-inner-blocks-wrap\">\n<div class=\"wp-block-uagb-advanced-heading uagb-block-79955c36\"><div class=\"uagb-heading-text\">Een rijke traditie<\/div><\/div>\n\n\n\n<div class=\"wp-block-uagb-info-box uagb-block-0bca2e31 uagb-infobox__content-wrap  uagb-infobox-icon-above-title uagb-infobox-image-valign-top\"><div class=\"uagb-ifb-content\"><div class=\"uagb-ifb-title-wrap\"><h1 class=\"uagb-ifb-title\">Ontdek de vrijmetselarij<\/h1><\/div><p class=\"uagb-ifb-desc\">Wij zijn Les El\u00e8ves de Th\u00e9mis, de oudste in het Nederlands werkende loge. Opgericht in 1808, in de Franse tijd, stapten wij in 1876 over op het Nederlands.<\/p><\/div><\/div>\n<\/div><\/div>\n\n\n\n<div class=\"wp-block-uagb-container uagb-block-a4795187 alignfull uagb-is-root-container\"><div class=\"uagb-container-inner-blocks-wrap\"><\/div><\/div>\n\n\n\n<div class=\"wp-block-uagb-container uagb-block-619ad332 alignfull uagb-is-root-container\"><div class=\"uagb-container-inner-blocks-wrap\">\n<p class=\"\">Les El\u00e8ves de Th\u00e9mis behoort tot het Grootoosten van Belgi\u00eb, de vrijmetselaarskoepel die in 1833 opgericht werd, ondertussen toegankelijk voor zowel mannen als vrouwen. Onze loge koestert de broederlijkheid, vrijheid en gelijkheid als basiswaarden, mensenrechten binnen een democratische rechtsstaat duiden het kader.<\/p>\n<\/div><\/div>\n\n\n\n<div class=\"wp-block-uagb-container uagb-block-f0d8dae7 alignfull uagb-is-root-container\"><div class=\"uagb-container-inner-blocks-wrap\">\n<div class=\"wp-block-uagb-container uagb-block-39f2abd6\">\n<figure class=\"alignleft wp-block-image size-full is-resized\"><img loading=\"lazy\" decoding=\"async\" width=\"143\" height=\"195\" src=\"https:\/\/leselevesdethemis.org\/wordpress\/wp-content\/uploads\/2024\/10\/let_beitel.jpg\" alt=\"\" class=\"wp-image-11\" style=\"width:320px;height:auto\"\/><\/figure>\n\n\n\n<div class=\"wp-block-uagb-container uagb-block-86be4c12\">\n<p class=\"\">Een loge is een ontmoetingsplaats van vrije en rechtschapen mensen, die met een eigen benadering hun idee\u00ebn bij anderen willen toetsen. Zoals iedere loge verenigt Les El\u00e8ves de Th\u00e9mis mensen, die in broederschap zelfontplooiing en zelfverwezenlijking zoeken en daarbij hun eigen vertrouwde methode aanwenden. Onderling delen ze inzichten, rationeel of door levenservaring verworven, over hoe ze met zichzelf en met anderen willen omgaan. Luisterbereidheid, wederzijds vertrouwen, openheid, respect en discretie vormen de hoekstenen van die werkwijze. Daarbij legt de vrijmetselarij niets op, maar huldigt ze integendeel het vrij onderzoek, waar modern, verlicht en progressief individueel denken als stuwende kracht geldt.<\/p>\n\n\n\n<p class=\"\">In substantie erkent de vrijmetselaar de waarde van de menselijke persoonlijkheid, de gelijkwaardigheid van alle mensen, ieders recht om zelfstandig naar waarheid te zoeken en ieders verantwoordelijkheid voor zijn doen en laten. Dit maakt de ma\u00e7onnerie tot een broederschap van individuen. Ten aanzien van de wereld, aanvaardt de vrijmetselaar een persoonlijke verantwoordelijkheid en tracht hij als mens en als burger naar best vermogen tot een betere wereld bij te dragen. Hij zoekt wat mensen verbindt en tracht weg te nemen wat hen verdeelt.<\/p>\n<\/div>\n<\/div>\n\n\n\n<div class=\"wp-block-uagb-container uagb-block-18ea64f8\">\n<div class=\"wp-block-uagb-container uagb-block-a52c36c3\">\n<div class=\"wp-block-uagb-advanced-heading uagb-block-e3ca0117\"><div class=\"uagb-heading-text\">01<\/div><\/div>\n\n\n\n<div class=\"wp-block-uagb-advanced-heading uagb-block-59a5961e\"><h3 class=\"uagb-heading-text\">Broederlijkheid<\/h3><p class=\"uagb-desc-text\">Wij geloven in een sterke onderlinge band tussen onze leden, waarin steun en solidariteit centraal staan.<\/p><\/div>\n<\/div>\n\n\n\n<div class=\"wp-block-uagb-container uagb-block-616f99d6\">\n<div class=\"wp-block-uagb-advanced-heading uagb-block-5da44f8a\"><div class=\"uagb-heading-text\">02<\/div><\/div>\n\n\n\n<div class=\"wp-block-uagb-advanced-heading uagb-block-5e9fe326\"><h3 class=\"uagb-heading-text\">Vrijheid<\/h3><p class=\"uagb-desc-text\">Onze loge staat voor de vrijheid van denken en handelen, binnen het kader van respect voor elkaar en onze waarden.<\/p><\/div>\n<\/div>\n\n\n\n<div class=\"wp-block-uagb-container uagb-block-8cb0283e\">\n<div class=\"wp-block-uagb-advanced-heading uagb-block-f510f0da\"><div class=\"uagb-heading-text\">03<\/div><\/div>\n\n\n\n<div class=\"wp-block-uagb-advanced-heading uagb-block-bbc8497f\"><h3 class=\"uagb-heading-text\">Gelijkheid<\/h3><p class=\"uagb-desc-text\">Bij Les El\u00e8ves de Th\u00e9mis is gelijkheid een fundament dat we in alles wat we doen hoog houden.<\/p><\/div>\n<\/div>\n<\/div>\n<\/div><\/div>\n\n\n\n<div class=\"wp-block-uagb-container uagb-block-70f1f417 alignfull uagb-is-root-container\"><div class=\"uagb-container-inner-blocks-wrap\">\n<div class=\"wp-block-uagb-container uagb-block-73a0f5fc\">\n<div class=\"wp-block-uagb-advanced-heading uagb-block-dbd1994b\"><h2 class=\"uagb-heading-text\">Initiatie, symbolen en ritualen<\/h2><\/div>\n\n\n\n<p class=\"\">De vrijmetselarij is een initiatiek gezelschap. De initiatie of inwijding is een overgang van de ene naar een andere levensfase. Ze zet op een weg en leidt tot een nieuw vertrek. Een periode van zelfoverweging en voorbereiding gaat hieraan vooraf.<\/p>\n\n\n\n<p class=\"\">De logearbeid gebruikt ritualen en symbolen. Het rituaal geeft de arbeid een eigen karakter en scheidt ze van het alledaagse leven. De symbolen wijzen op de essentie. Passer en winkelhaak zijn de meest gekende en worden zinnebeeldig gebruikt om het goede en het kwade te scheiden en af te meten of de gehuldigde idealen worden nageleefd. Ook het drie-gradenstelsel van leerling, gezel en meester \u2013 dat iedere vrijmetselaar doorloopt en niet op een hi\u00ebrarchie duidt &#8211; is symbolisch; het geeft de groei van persoonlijk inzicht en verdieping weer.<\/p>\n\n\n\n<p class=\"\">Rituele arbeid en het gebruik van symbolen leiden tot bezinning en tot een geestelijk afstemmen tijdens die arbeid, met eerbied van de volstrekte denkvrijheid van iedere broeder. Ze bevorderen een gezamenlijke beleving en een persoonlijke verwerking.<\/p>\n<\/div>\n\n\n\n<div class=\"wp-block-uagb-container uagb-block-baaf0eca\">\n<figure class=\"wp-block-image size-large\"><img loading=\"lazy\" decoding=\"async\" width=\"1024\" height=\"1024\" src=\"https:\/\/leselevesdethemis.org\/wordpress\/wp-content\/uploads\/2024\/10\/gold_S_C-1024x1024.png\" alt=\"\" class=\"wp-image-17\" srcset=\"https:\/\/leselevesdethemis.org\/wordpress\/wp-content\/uploads\/2024\/10\/gold_S_C-1024x1024.png 1024w, https:\/\/leselevesdethemis.org\/wordpress\/wp-content\/uploads\/2024\/10\/gold_S_C-300x300.png 300w, https:\/\/leselevesdethemis.org\/wordpress\/wp-content\/uploads\/2024\/10\/gold_S_C-150x150.png 150w, https:\/\/leselevesdethemis.org\/wordpress\/wp-content\/uploads\/2024\/10\/gold_S_C-768x768.png 768w, https:\/\/leselevesdethemis.org\/wordpress\/wp-content\/uploads\/2024\/10\/gold_S_C-1536x1536.png 1536w, https:\/\/leselevesdethemis.org\/wordpress\/wp-content\/uploads\/2024\/10\/gold_S_C-2048x2048.png 2048w\" sizes=\"auto, (max-width: 1024px) 100vw, 1024px\" \/><\/figure>\n<\/div>\n<\/div><\/div>\n\n\n\n<div class=\"wp-block-uagb-container uagb-block-17cc7195 alignfull uagb-is-root-container\"><div class=\"uagb-container-inner-blocks-wrap\">\n<div class=\"wp-block-uagb-advanced-heading uagb-block-43be17bc\"><h2 class=\"uagb-heading-text\">Niet geheim maar discreet<\/h2><\/div>\n\n\n\n<div class=\"wp-block-uagb-container uagb-block-c087fbdf\">\n<p class=\"\"><strong>Vrijmetselarij staat niet voor geheim. Onze werkwijze, die op openheid en vrije dialoog steunt, vergt evenwel discretie opdat niemand in zijn broederlijk vertrouwen zou worden beschaamd. Concreet betekent dit dat ieder ma\u00e7on, indien hij dat wenst, zich vrij over zijn lidmaatschap uitspreekt, maar dat hij de privacy van andere vrijmetselaars eerbiedigt door zich niet over hun lidmaatschap en gedachtewisselingen uit te laten.<\/strong><\/p>\n<\/div>\n<\/div><\/div>\n\n\n\n<p class=\"\"><\/p>\n","protected":false},"excerpt":{"rendered":"<p>Een rijke traditie Les El\u00e8ves de Th\u00e9mis behoort tot het Grootoosten van Belgi\u00eb, de vrijmetselaarskoepel die in 1833 opgericht werd, [&hellip;]<\/p>\n","protected":false},"author":1,"featured_media":15,"parent":0,"menu_order":0,"comment_status":"closed","ping_status":"closed","template":"","meta":{"_acf_changed":false,"nf_dc_page":"","_bbp_topic_count":0,"_bbp_reply_count":0,"_bbp_total_topic_count":0,"_bbp_total_reply_count":0,"_bbp_voice_count":0,"_bbp_anonymous_reply_count":0,"_bbp_topic_count_hidden":0,"_bbp_reply_count_hidden":0,"_bbp_forum_subforum_count":0,"_eb_attr":"","om_disable_all_campaigns":false,"_uag_custom_page_level_css":"","site-sidebar-layout":"default","site-content-layout":"","ast-site-content-layout":"default","site-content-style":"default","site-sidebar-style":"default","ast-global-header-display":"","ast-banner-title-visibility":"","ast-main-header-display":"","ast-hfb-above-header-display":"","ast-hfb-below-header-display":"","ast-hfb-mobile-header-display":"","site-post-title":"disabled","ast-breadcrumbs-content":"","ast-featured-img":"","footer-sml-layout":"","ast-disable-related-posts":"","theme-transparent-header-meta":"enabled","adv-header-id-meta":"","stick-header-meta":"","header-above-stick-meta":"","header-main-stick-meta":"","header-below-stick-meta":"","astra-migrate-meta-layouts":"default","ast-page-background-enabled":"default","ast-page-background-meta":{"desktop":{"background-color":"var(--ast-global-color-4)","background-image":"","background-repeat":"repeat","background-position":"center center","background-size":"auto","background-attachment":"scroll","background-type":"","background-media":"","overlay-type":"","overlay-color":"","overlay-opacity":"","overlay-gradient":""},"tablet":{"background-color":"","background-image":"","background-repeat":"repeat","background-position":"center center","background-size":"auto","background-attachment":"scroll","background-type":"","background-media":"","overlay-type":"","overlay-color":"","overlay-opacity":"","overlay-gradient":""},"mobile":{"background-color":"","background-image":"","background-repeat":"repeat","background-position":"center center","background-size":"auto","background-attachment":"scroll","background-type":"","background-media":"","overlay-type":"","overlay-color":"","overlay-opacity":"","overlay-gradient":""}},"ast-content-background-meta":{"desktop":{"background-color":"var(--ast-global-color-5)","background-image":"","background-repeat":"repeat","background-position":"center center","background-size":"auto","background-attachment":"scroll","background-type":"","background-media":"","overlay-type":"","overlay-color":"","overlay-opacity":"","overlay-gradient":""},"tablet":{"background-color":"var(--ast-global-color-5)","background-image":"","background-repeat":"repeat","background-position":"center center","background-size":"auto","background-attachment":"scroll","background-type":"","background-media":"","overlay-type":"","overlay-color":"","overlay-opacity":"","overlay-gradient":""},"mobile":{"background-color":"var(--ast-global-color-5)","background-image":"","background-repeat":"repeat","background-position":"center center","background-size":"auto","background-attachment":"scroll","background-type":"","background-media":"","overlay-type":"","overlay-color":"","overlay-opacity":"","overlay-gradient":""}},"footnotes":""},"class_list":["post-31","page","type-page","status-publish","has-post-thumbnail","hentry"],"acf":[],"uagb_featured_image_src":{"full":["https:\/\/leselevesdethemis.org\/wordpress\/wp-content\/uploads\/2024\/10\/schilderij.png",2056,2608,false],"thumbnail":["https:\/\/leselevesdethemis.org\/wordpress\/wp-content\/uploads\/2024\/10\/schilderij-150x150.png",150,150,true],"medium":["https:\/\/leselevesdethemis.org\/wordpress\/wp-content\/uploads\/2024\/10\/schilderij-237x300.png",237,300,true],"medium_large":["https:\/\/leselevesdethemis.org\/wordpress\/wp-content\/uploads\/2024\/10\/schilderij-768x974.png",768,974,true],"large":["https:\/\/leselevesdethemis.org\/wordpress\/wp-content\/uploads\/2024\/10\/schilderij-807x1024.png",807,1024,true],"1536x1536":["https:\/\/leselevesdethemis.org\/wordpress\/wp-content\/uploads\/2024\/10\/schilderij-1211x1536.png",1211,1536,true],"2048x2048":["https:\/\/leselevesdethemis.org\/wordpress\/wp-content\/uploads\/2024\/10\/schilderij-1615x2048.png",1615,2048,true]},"uagb_author_info":{"display_name":"sitemanager","author_link":"https:\/\/leselevesdethemis.org\/wordpress\/author\/sitemanager\/"},"uagb_comment_info":0,"uagb_excerpt":"Een rijke traditie Les El\u00e8ves de Th\u00e9mis behoort tot het Grootoosten van Belgi\u00eb, de vrijmetselaarskoepel die in 1833 opgericht werd, [&hellip;]","_links":{"self":[{"href":"https:\/\/leselevesdethemis.org\/wordpress\/wp-json\/wp\/v2\/pages\/31","targetHints":{"allow":["GET"]}}],"collection":[{"href":"https:\/\/leselevesdethemis.org\/wordpress\/wp-json\/wp\/v2\/pages"}],"about":[{"href":"https:\/\/leselevesdethemis.org\/wordpress\/wp-json\/wp\/v2\/types\/page"}],"author":[{"embeddable":true,"href":"https:\/\/leselevesdethemis.org\/wordpress\/wp-json\/wp\/v2\/users\/1"}],"replies":[{"embeddable":true,"href":"https:\/\/leselevesdethemis.org\/wordpress\/wp-json\/wp\/v2\/comments?post=31"}],"version-history":[{"count":11,"href":"https:\/\/leselevesdethemis.org\/wordpress\/wp-json\/wp\/v2\/pages\/31\/revisions"}],"predecessor-version":[{"id":954,"href":"https:\/\/leselevesdethemis.org\/wordpress\/wp-json\/wp\/v2\/pages\/31\/revisions\/954"}],"wp:featuredmedia":[{"embeddable":true,"href":"https:\/\/leselevesdethemis.org\/wordpress\/wp-json\/wp\/v2\/media\/15"}],"wp:attachment":[{"href":"https:\/\/leselevesdethemis.org\/wordpress\/wp-json\/wp\/v2\/media?parent=31"}],"curies":[{"name":"wp","href":"https:\/\/api.w.org\/{rel}","templated":true}]}}